
{"id":8195,"date":"2021-01-20T03:36:50","date_gmt":"2021-01-20T03:36:50","guid":{"rendered":"https:\/\/demo.farost.net\/energia\/?page_id=8195"},"modified":"2024-10-24T18:59:42","modified_gmt":"2024-10-24T18:59:42","slug":"productos-y-servicios","status":"publish","type":"page","link":"https:\/\/inelco.com.co\/en\/productos-y-servicios\/","title":{"rendered":"Products and services"},"content":{"rendered":"\t\t<div data-elementor-type=\"wp-page\" data-elementor-id=\"8195\" class=\"elementor elementor-8195\" data-elementor-post-type=\"page\">\n\t\t\t\t\t\t<section data-particle_enable=\"false\" data-particle-mobile-disabled=\"false\" class=\"elementor-section elementor-top-section elementor-element elementor-element-617e3955 elementor-section-stretched elementor-section-boxed elementor-section-height-default elementor-section-height-default\" data-id=\"617e3955\" data-element_type=\"section\" data-e-type=\"section\" data-settings=\"{&quot;stretch_section&quot;:&quot;section-stretched&quot;,&quot;background_background&quot;:&quot;classic&quot;}\">\r\n\t\t\t\t\t\t\t<div class=\"elementor-background-overlay\"><\/div>\r\n\t\t\t\t\t\t\t<div class=\"elementor-container elementor-column-gap-default \" >\r\n\t\t\t        <div class=\"elementor-column elementor-col-100 elementor-top-column elementor-element elementor-element-2712a3d0\" data-id=\"2712a3d0\" data-element_type=\"column\" data-e-type=\"column\">\r\n            <div class=\"elementor-widget-wrap elementor-element-populated\">\r\n                \t\t<section data-particle_enable=\"false\" data-particle-mobile-disabled=\"false\" class=\"elementor-section elementor-inner-section elementor-element elementor-element-37da201 elementor-section-boxed elementor-section-height-default elementor-section-height-default\" data-id=\"37da201\" data-element_type=\"section\" data-e-type=\"section\">\r\n\t\t\t\t\t\t<div class=\"elementor-container elementor-column-gap-default \" >\r\n\t\t\t        <div class=\"elementor-column elementor-col-50 elementor-inner-column elementor-element elementor-element-8b5d76a\" data-id=\"8b5d76a\" data-element_type=\"column\" data-e-type=\"column\">\r\n            <div class=\"elementor-widget-wrap elementor-element-populated\">\r\n                \t\t<div class=\"elementor-element elementor-element-e834a4a elementor-widget elementor-widget-cms_heading\" data-id=\"e834a4a\" data-element_type=\"widget\" data-e-type=\"widget\" data-widget_type=\"cms_heading.default\">\n\t\t\t\t<div class=\"elementor-widget-container\">\n\t\t\t\t\t<div class=\"cms-heading-wrapper cms-heading-layout1\">\n    \n            <h1 class=\"custom-heading\">\n            <span >Productos y servicios<\/span>\n        <\/h1>\n        \n    <\/div>\t\t\t\t<\/div>\n\t\t\t\t<\/div>\n\t\t\t\t<div class=\"elementor-element elementor-element-cfd93d5 elementor-widget elementor-widget-text-editor\" data-id=\"cfd93d5\" data-element_type=\"widget\" data-e-type=\"widget\" data-widget_type=\"text-editor.default\">\n\t\t\t\t<div class=\"elementor-widget-container\">\n\t\t\t\t\t\t\t\t\t<p><span style=\"font-weight: 400;\">En Inelco S.A.S ofrecemos a nuestros clientes un completo portafolio de productos y servicios, con el prop\u00f3sito de que encuentren en nosotros un aliado integral e irremplazable para el desarrollo de sus planes y proyectos, pues apoyamos desde la fase de organizaci\u00f3n y dise\u00f1o, hasta la construcci\u00f3n y mantenimientos posteriores.\u00a0<\/span><\/p>\t\t\t\t\t\t\t\t<\/div>\n\t\t\t\t<\/div>\n\t\t            <\/div>\r\n        <\/div>\r\n                <div class=\"elementor-column elementor-col-50 elementor-inner-column elementor-element elementor-element-def9fb3\" data-id=\"def9fb3\" data-element_type=\"column\" data-e-type=\"column\">\r\n            <div class=\"elementor-widget-wrap\">\r\n                            <\/div>\r\n        <\/div>\r\n        \t\t\t<\/div>\r\n\t\t<\/section>\r\n\t\t            <\/div>\r\n        <\/div>\r\n        \t\t\t<\/div>\r\n\t\t<\/section>\r\n\t\t\t\t<section data-particle_enable=\"false\" data-particle-mobile-disabled=\"false\" class=\"elementor-section elementor-top-section elementor-element elementor-element-ece8ae7 elementor-section-stretched elementor-section-boxed elementor-section-height-default elementor-section-height-default\" data-id=\"ece8ae7\" data-element_type=\"section\" data-e-type=\"section\" data-settings=\"{&quot;stretch_section&quot;:&quot;section-stretched&quot;,&quot;background_background&quot;:&quot;classic&quot;}\">\r\n\t\t\t\t\t\t<div class=\"elementor-container elementor-column-gap-default \" >\r\n\t\t\t        <div class=\"elementor-column elementor-col-100 elementor-top-column elementor-element elementor-element-0961eb9\" data-id=\"0961eb9\" data-element_type=\"column\" data-e-type=\"column\">\r\n            <div class=\"elementor-widget-wrap elementor-element-populated\">\r\n                \t\t<div class=\"elementor-element elementor-element-595a9ee4 elementor-widget elementor-widget-cms_breadcrumb\" data-id=\"595a9ee4\" data-element_type=\"widget\" data-e-type=\"widget\" data-widget_type=\"cms_breadcrumb.default\">\n\t\t\t\t<div class=\"elementor-widget-container\">\n\t\t\t\t\t<ul class=\"cms-breadcrumb\"><li><span class=\"breadcrumb-entry\">Home<\/span><\/li><\/ul>\t\t\t\t<\/div>\n\t\t\t\t<\/div>\n\t\t\t\t<div class=\"elementor-element elementor-element-b0d28af elementor-widget elementor-widget-cms_service_grid\" data-id=\"b0d28af\" data-element_type=\"widget\" data-e-type=\"widget\" data-widget_type=\"cms_service_grid.default\">\n\t\t\t\t<div class=\"elementor-widget-container\">\n\t\t\t\t\t\n<div id=\"cms_service_grid-b0d28af\" class=\"cms-grid cms-service-grid layout1\" data-layout=\"masonry\" data-start-page=\"1\" data-max-pages=\"1\" data-total=\"6\" data-perpage=\"9\" data-next-link=\"\" data-loadmore=\"{&quot;posttype&quot;:&quot;service&quot;,&quot;startPage&quot;:1,&quot;maxPages&quot;:1,&quot;total&quot;:6,&quot;perpage&quot;:9,&quot;nextLink&quot;:&quot;&quot;,&quot;source&quot;:[&quot;servicios|service-category&quot;],&quot;orderby&quot;:&quot;ID&quot;,&quot;order&quot;:&quot;asc&quot;,&quot;limit&quot;:9,&quot;post_ids&quot;:&quot;&quot;,&quot;col_xl&quot;:4,&quot;col_lg&quot;:4,&quot;col_md&quot;:4,&quot;col_sm&quot;:6,&quot;col_xs&quot;:12,&quot;thumbnail_size&quot;:&quot;full&quot;,&quot;thumbnail_custom_dimension&quot;:{&quot;width&quot;:&quot;&quot;,&quot;height&quot;:&quot;&quot;},&quot;pagination_type&quot;:&quot;false&quot;,&quot;show_excerpt&quot;:&quot;true&quot;,&quot;num_words&quot;:25,&quot;show_button&quot;:&quot;true&quot;,&quot;button_text&quot;:&quot;Ver m\\u00e1s&quot;,&quot;template_type&quot;:&quot;service_grid_layout1&quot;}\" data-query=\"{&quot;post_type&quot;:&quot;service&quot;,&quot;post_status&quot;:&quot;publish&quot;,&quot;posts_per_page&quot;:9,&quot;order&quot;:&quot;asc&quot;,&quot;orderby&quot;:&quot;ID&quot;,&quot;tax_query&quot;:{&quot;relation&quot;:&quot;OR&quot;,&quot;0&quot;:{&quot;taxonomy&quot;:&quot;service-category&quot;,&quot;field&quot;:&quot;slug&quot;,&quot;operator&quot;:&quot;IN&quot;,&quot;terms&quot;:[&quot;servicios&quot;]}},&quot;post__not_in&quot;:[8195]}\">\n    \n    <div class=\"cms-grid-inner cms-grid-masonry row gap-15 animation-time\" data-gutter=\"15\">\n                    <div class=\"grid-sizer col-xl-4 col-lg-4 col-md-4 col-sm-6 col-12\"><\/div>\n                                <div class=\"grid-item col-xl-4 col-lg-4 col-md-4 col-sm-6 col-12\">\n                    <div class=\"grid-item-inner\">\n                                                    <div class=\"item-icon\">\n                                <img decoding=\"async\" src=\"https:\/\/inelco.com.co\/wp-content\/uploads\/2021\/01\/Telecomunicaciones.png\" alt=\"Energ\u00eda\" \/>\n                            <\/div>\n\n                                                <div class=\"entry-body\">\n                            <h3 class=\"entry-title\">\n                                <a href=\"https:\/\/inelco.com.co\/en\/solution\/energia\/\">Energ\u00eda<\/a>\n                            <\/h3>\n                                                            <div class=\"entry-content\">\n                                    Dise\u00f1o, construcci\u00f3n, mantenimiento y respaldo total para proyectos de instalaciones el\u00e9ctricas, abarcando:                                <\/div>\n                                                                                        <ul class=\"item-feature\">\n                                                                            <li><i class=\"fas fa-check-circle\"><\/i>Acometidas<\/li>\n                                                                            <li><i class=\"fas fa-check-circle\"><\/i>Subestaciones el\u00e9ctricas<\/li>\n                                                                            <li><i class=\"fas fa-check-circle\"><\/i>Redes de media y baja tensi\u00f3n<\/li>\n                                                                            <li><i class=\"fas fa-check-circle\"><\/i>Iluminaci\u00f3n interior y exterior<\/li>\n                                                                            <li><i class=\"fas fa-check-circle\"><\/i>Energ\u00eda de respaldo y regulada<\/li>\n                                                                    <\/ul>\n                                                                                        <div class=\"entry-readmore\">\n                                    <a class=\"service-readmore btn btn-secondary\" href=\"https:\/\/inelco.com.co\/en\/solution\/energia\/\">Ver m\u00e1s <i class=\"fas fa-arrow-right\"><\/i><\/a>\n                                <\/div>\n                                                    <\/div>\n                    <\/div>\n                <\/div>\n                            <div class=\"grid-item col-xl-4 col-lg-4 col-md-4 col-sm-6 col-12\">\n                    <div class=\"grid-item-inner\">\n                                                    <div class=\"item-icon\">\n                                <img decoding=\"async\" src=\"https:\/\/inelco.com.co\/wp-content\/uploads\/2021\/01\/Seguridad.png\" alt=\"Telecomunicaciones\" \/>\n                            <\/div>\n\n                                                <div class=\"entry-body\">\n                            <h3 class=\"entry-title\">\n                                <a href=\"https:\/\/inelco.com.co\/en\/solution\/telecomunicaciones\/\">Telecomunicaciones<\/a>\n                            <\/h3>\n                                                            <div class=\"entry-content\">\n                                    Dise\u00f1amos, Construimos y mantenemos proyectos en materia de instalaciones de redes de voz y datos para clientes: comerciales, industriales, entidades del estado y empresas de.                                <\/div>\n                                                                                        <ul class=\"item-feature\">\n                                                                            <li><i class=\"fas fa-check-circle\"><\/i>Redes telef\u00f3nicas<\/li>\n                                                                            <li><i class=\"fas fa-check-circle\"><\/i>Fibra \u00f3ptica<\/li>\n                                                                            <li><i class=\"fas fa-check-circle\"><\/i>Cableado estructurado<\/li>\n                                                                            <li><i class=\"fas fa-check-circle\"><\/i>Rede de datos<\/li>\n                                                                            <li><i class=\"fas fa-check-circle\"><\/i>Redes inal\u00e1mbricas<\/li>\n                                                                            <li><i class=\"fas fa-check-circle\"><\/i>Videoconferencia<\/li>\n                                                                            <li><i class=\"fas fa-check-circle\"><\/i>Conmutadores<\/li>\n                                                                    <\/ul>\n                                                                                        <div class=\"entry-readmore\">\n                                    <a class=\"service-readmore btn btn-secondary\" href=\"https:\/\/inelco.com.co\/en\/solution\/telecomunicaciones\/\">Ver m\u00e1s <i class=\"fas fa-arrow-right\"><\/i><\/a>\n                                <\/div>\n                                                    <\/div>\n                    <\/div>\n                <\/div>\n                            <div class=\"grid-item col-xl-4 col-lg-4 col-md-4 col-sm-6 col-12\">\n                    <div class=\"grid-item-inner\">\n                                                    <div class=\"item-icon\">\n                                <img decoding=\"async\" src=\"https:\/\/inelco.com.co\/wp-content\/uploads\/2021\/01\/Energia.png\" alt=\"Seguridad Electr\u00f3nica\" \/>\n                            <\/div>\n\n                                                <div class=\"entry-body\">\n                            <h3 class=\"entry-title\">\n                                <a href=\"https:\/\/inelco.com.co\/en\/solution\/seguridad-electronica\/\">Seguridad Electr\u00f3nica<\/a>\n                            <\/h3>\n                                                            <div class=\"entry-content\">\n                                    Dise\u00f1amos, Construimos y mantenemos proyectos en materia de instalaciones de seguridad electr\u00f3nica para clientes: comerciales, industriales y empresas del estado.                                <\/div>\n                                                                                        <ul class=\"item-feature\">\n                                                                            <li><i class=\"fas fa-check-circle\"><\/i>CCTV<\/li>\n                                                                            <li><i class=\"fas fa-check-circle\"><\/i>Detecci\u00f3n de Incendios<\/li>\n                                                                            <li><i class=\"fas fa-check-circle\"><\/i>Control de accesos<\/li>\n                                                                            <li><i class=\"fas fa-check-circle\"><\/i>Alarmas e Intrusi\u00f3n<\/li>\n                                                                            <li><i class=\"fas fa-check-circle\"><\/i>Control parqueaderos<\/li>\n                                                                    <\/ul>\n                                                                                        <div class=\"entry-readmore\">\n                                    <a class=\"service-readmore btn btn-secondary\" href=\"https:\/\/inelco.com.co\/en\/solution\/seguridad-electronica\/\">Ver m\u00e1s <i class=\"fas fa-arrow-right\"><\/i><\/a>\n                                <\/div>\n                                                    <\/div>\n                    <\/div>\n                <\/div>\n                            <div class=\"grid-item col-xl-4 col-lg-4 col-md-4 col-sm-6 col-12\">\n                    <div class=\"grid-item-inner\">\n                                                    <div class=\"item-icon\">\n                                <img decoding=\"async\" src=\"https:\/\/inelco.com.co\/wp-content\/uploads\/2024\/06\/Eficiencia-energetica.png\" alt=\"Eficiencia energ\u00e9tica\" \/>\n                            <\/div>\n\n                                                <div class=\"entry-body\">\n                            <h3 class=\"entry-title\">\n                                <a href=\"https:\/\/inelco.com.co\/en\/solution\/eficiencia-energetica\/\">Eficiencia energ\u00e9tica<\/a>\n                            <\/h3>\n                                                            <div class=\"entry-content\">\n                                    Nuestra especialidad en implementar soluciones energ\u00e9ticas, aumentan la operaci\u00f3n y rentabilidad para nuestros clientes, pues la optimizaci\u00f3n de suministros, consumos y usos de la energ\u00eda,.                                <\/div>\n                                                                                        <ul class=\"item-feature\">\n                                                                            <li><i class=\"fas fa-check-circle\"><\/i>Auditor\u00edas Energ\u00e9ticas<\/li>\n                                                                            <li><i class=\"fas fa-check-circle\"><\/i>Optimizaci\u00f3n Iluminaci\u00f3n<\/li>\n                                                                            <li><i class=\"fas fa-check-circle\"><\/i>Optimizaci\u00f3n calidad de potencia<\/li>\n                                                                            <li><i class=\"fas fa-check-circle\"><\/i>Alarmas e Intrusi\u00f3n<\/li>\n                                                                            <li><i class=\"fas fa-check-circle\"><\/i>Gesti\u00f3n de energ\u00eda<\/li>\n                                                                    <\/ul>\n                                                                                        <div class=\"entry-readmore\">\n                                    <a class=\"service-readmore btn btn-secondary\" href=\"https:\/\/inelco.com.co\/en\/solution\/eficiencia-energetica\/\">Ver m\u00e1s <i class=\"fas fa-arrow-right\"><\/i><\/a>\n                                <\/div>\n                                                    <\/div>\n                    <\/div>\n                <\/div>\n                            <div class=\"grid-item col-xl-4 col-lg-4 col-md-4 col-sm-6 col-12\">\n                    <div class=\"grid-item-inner\">\n                                                    <div class=\"item-icon\">\n                                <img decoding=\"async\" src=\"https:\/\/inelco.com.co\/wp-content\/uploads\/2024\/06\/energia-solar.png\" alt=\"Energ\u00eda solar\" \/>\n                            <\/div>\n\n                                                <div class=\"entry-body\">\n                            <h3 class=\"entry-title\">\n                                <a href=\"https:\/\/inelco.com.co\/en\/solution\/energia-solar\/\">Energ\u00eda solar<\/a>\n                            <\/h3>\n                                                            <div class=\"entry-content\">\n                                    Prevemos el futuro con energ\u00edas limpias y ofertamos a nuestros clientes una soluci\u00f3n completa de servicios fotovoltaicos.                                <\/div>\n                                                                                        <ul class=\"item-feature\">\n                                                                            <li><i class=\"fas fa-check-circle\"><\/i>Evaluaci\u00f3n de factibilidad<\/li>\n                                                                            <li><i class=\"fas fa-check-circle\"><\/i>Dise\u00f1o<\/li>\n                                                                            <li><i class=\"fas fa-check-circle\"><\/i>Desarrollo<\/li>\n                                                                            <li><i class=\"fas fa-check-circle\"><\/i>Suministro y construcci\u00f3n<\/li>\n                                                                            <li><i class=\"fas fa-check-circle\"><\/i>Operaci\u00f3n y mantenimiento del proyecto<\/li>\n                                                                    <\/ul>\n                                                                                        <div class=\"entry-readmore\">\n                                    <a class=\"service-readmore btn btn-secondary\" href=\"https:\/\/inelco.com.co\/en\/solution\/energia-solar\/\">Ver m\u00e1s <i class=\"fas fa-arrow-right\"><\/i><\/a>\n                                <\/div>\n                                                    <\/div>\n                    <\/div>\n                <\/div>\n                            <div class=\"grid-item col-xl-4 col-lg-4 col-md-4 col-sm-6 col-12\">\n                    <div class=\"grid-item-inner\">\n                                                    <div class=\"item-icon\">\n                                <img decoding=\"async\" src=\"https:\/\/inelco.com.co\/wp-content\/uploads\/2024\/06\/mantenimiento-y-servicios.png\" alt=\"Mantenimiento y servicios\" \/>\n                            <\/div>\n\n                                                <div class=\"entry-body\">\n                            <h3 class=\"entry-title\">\n                                <a href=\"https:\/\/inelco.com.co\/en\/solution\/mantenimiento-y-servicios\/\">Mantenimiento y servicios<\/a>\n                            <\/h3>\n                                                            <div class=\"entry-content\">\n                                    Aseguramos la operatividad continua y eficiente de tus instalaciones.                                <\/div>\n                                                                                        <ul class=\"item-feature\">\n                                                                            <li><i class=\"fas fa-check-circle\"><\/i>Inspecci\u00f3n sistem\u00e1tica<\/li>\n                                                                            <li><i class=\"fas fa-check-circle\"><\/i>Maximizaci\u00f3n de la vida de la m\u00e1quina<\/li>\n                                                                            <li><i class=\"fas fa-check-circle\"><\/i>Eficiencia de los recursos humanos<\/li>\n                                                                            <li><i class=\"fas fa-check-circle\"><\/i>Reducci\u00f3n de costos de proceso<\/li>\n                                                                            <li><i class=\"fas fa-check-circle\"><\/i>Mejora de la productividad<\/li>\n                                                                            <li><i class=\"fas fa-check-circle\"><\/i>Cumplimiento RETIE<\/li>\n                                                                    <\/ul>\n                                                                                        <div class=\"entry-readmore\">\n                                    <a class=\"service-readmore btn btn-secondary\" href=\"https:\/\/inelco.com.co\/en\/solution\/mantenimiento-y-servicios\/\">Ver m\u00e1s <i class=\"fas fa-arrow-right\"><\/i><\/a>\n                                <\/div>\n                                                    <\/div>\n                    <\/div>\n                <\/div>\n                <\/div>\n        <\/div>\t\t\t\t<\/div>\n\t\t\t\t<\/div>\n\t\t            <\/div>\r\n        <\/div>\r\n        \t\t\t<\/div>\r\n\t\t<\/section>\r\n\t\t\t\t<\/div>\n\t\t","protected":false},"excerpt":{"rendered":"<p>Productos y servicios En Inelco S.A.S ofrecemos a nuestros clientes un completo portafolio de productos y servicios, con el prop\u00f3sito de que encuentren en nosotros un aliado integral e irremplazable para el desarrollo de sus planes y proyectos, pues apoyamos desde la fase de organizaci\u00f3n y dise\u00f1o, hasta la construcci\u00f3n y mantenimientos posteriores.\u00a0 Home Energ\u00eda [&hellip;]<\/p>\n","protected":false},"author":2,"featured_media":0,"parent":0,"menu_order":0,"comment_status":"closed","ping_status":"closed","template":"","meta":{"_acf_changed":false,"cybocfi_hide_featured_image":"","_joinchat":[],"footnotes":""},"class_list":["post-8195","page","type-page","status-publish","hentry"],"acf":[],"aioseo_notices":[],"_links":{"self":[{"href":"https:\/\/inelco.com.co\/en\/wp-json\/wp\/v2\/pages\/8195","targetHints":{"allow":["GET"]}}],"collection":[{"href":"https:\/\/inelco.com.co\/en\/wp-json\/wp\/v2\/pages"}],"about":[{"href":"https:\/\/inelco.com.co\/en\/wp-json\/wp\/v2\/types\/page"}],"author":[{"embeddable":true,"href":"https:\/\/inelco.com.co\/en\/wp-json\/wp\/v2\/users\/2"}],"replies":[{"embeddable":true,"href":"https:\/\/inelco.com.co\/en\/wp-json\/wp\/v2\/comments?post=8195"}],"version-history":[{"count":0,"href":"https:\/\/inelco.com.co\/en\/wp-json\/wp\/v2\/pages\/8195\/revisions"}],"wp:attachment":[{"href":"https:\/\/inelco.com.co\/en\/wp-json\/wp\/v2\/media?parent=8195"}],"curies":[{"name":"wp","href":"https:\/\/api.w.org\/{rel}","templated":true}]}}